{"id":829,"date":"2020-06-10T21:34:33","date_gmt":"2020-06-10T21:34:33","guid":{"rendered":"https:\/\/frmbad.ma\/?page_id=829"},"modified":"2020-06-18T19:21:21","modified_gmt":"2020-06-18T19:21:21","slug":"reglement-depot-des-licences","status":"publish","type":"page","link":"https:\/\/frmbad.ma\/?page_id=829","title":{"rendered":"R\u00c8GLEMENT D\u00c9P\u00d4T DES LICENCES"},"content":{"rendered":"<a href=\"https:\/\/frmbad.ma\/wp-content\/uploads\/2020\/06\/REGLEMENT-DEPOT-DES-LICENCES.pdf\" class=\"pdfemb-viewer\" style=\"\" data-width=\"max\" data-height=\"max\"  data-toolbar=\"bottom\" data-toolbar-fixed=\"off\">REGLEMENT-DEPOT-DES-LICENCES<br\/><\/a>\n<p class=\"wp-block-pdfemb-pdf-embedder-viewer\"><\/p>\n","protected":false},"excerpt":{"rendered":"","protected":false},"author":1,"featured_media":0,"parent":0,"menu_order":0,"comment_status":"closed","ping_status":"closed","template":"","meta":[],"_links":{"self":[{"href":"https:\/\/frmbad.ma\/index.php?rest_route=\/wp\/v2\/pages\/829"}],"collection":[{"href":"https:\/\/frmbad.ma\/index.php?rest_route=\/wp\/v2\/pages"}],"about":[{"href":"https:\/\/frmbad.ma\/index.php?rest_route=\/wp\/v2\/types\/page"}],"author":[{"embeddable":true,"href":"https:\/\/frmbad.ma\/index.php?rest_route=\/wp\/v2\/users\/1"}],"replies":[{"embeddable":true,"href":"https:\/\/frmbad.ma\/index.php?rest_route=%2Fwp%2Fv2%2Fcomments&post=829"}],"version-history":[{"count":4,"href":"https:\/\/frmbad.ma\/index.php?rest_route=\/wp\/v2\/pages\/829\/revisions"}],"predecessor-version":[{"id":1935,"href":"https:\/\/frmbad.ma\/index.php?rest_route=\/wp\/v2\/pages\/829\/revisions\/1935"}],"wp:attachment":[{"href":"https:\/\/frmbad.ma\/index.php?rest_route=%2Fwp%2Fv2%2Fmedia&parent=829"}],"curies":[{"name":"wp","href":"https:\/\/api.w.org\/{rel}","templated":true}]}}