{"id":562,"date":"2020-06-09T14:32:56","date_gmt":"2020-06-09T14:32:56","guid":{"rendered":"https:\/\/frmbad.ma\/?page_id=562"},"modified":"2020-06-09T20:05:03","modified_gmt":"2020-06-09T20:05:03","slug":"missions","status":"publish","type":"page","link":"https:\/\/frmbad.ma\/?page_id=562","title":{"rendered":"MISSIONS"},"content":{"rendered":"\n<p class=\"has-text-align-left\">          <span class=\"has-inline-color has-vivid-red-color\"><strong>la F\u00e9d\u00e9ration repr\u00e9sent\u00e9e par son comit\u00e9 directeur a pour missions g\u00e9n\u00e9rales\u00a0:<\/strong><\/span><\/p>\n\n\n\n<ul><li>D\u2019organiser, d\u2019encourager, de d\u00e9velopper et de vulgariser la pratique du Badminton, du speedminton,  et du Beach badminton sous toutes ses formes, sur l\u2019ensemble du territoire du Royaume du Maroc et au moyen de toute action appropri\u00e9e&nbsp;<\/li><li>D\u2019organiser et de g\u00e9rer les comp\u00e9titions de Badminton, du speedminton, du Beach badminton sur le territoire national, ayant pour objet de d\u00e9signer une ligue, une association sportive, une soci\u00e9t\u00e9 sportive ou un sportif comme vainqueur \u00e0 un titre national ou r\u00e9gional, et ce, en conformit\u00e9 avec les r\u00e8gles et les normes \u00e9tablies par la F\u00e9d\u00e9ration Internationale de Badminton<\/li><li>De recouvrer et de g\u00e9rer la cotisation f\u00e9d\u00e9rale due par ses membres et comportant obligatoirement une part qui est affect\u00e9e \u00e0 la couverture sociale des sportifs, ainsi qu\u2019une assurance obligatoire de ces derniers contre les risques encourus au cours des manifestations et comp\u00e9titions organis\u00e9es par la F\u00e9d\u00e9ration&nbsp;<\/li><li>R\u00e9glementer la pratique du Badminton, du speedminton, du Beach badminton en fixant notamment les r\u00e8gles techniques r\u00e9gissant la pratique du Badminton, du speedminton, du Beach badminton et veiller \u00e0 les faire respecter&nbsp;<\/li><li>Veiller au respect par ses membres de la l\u00e9gislation et la r\u00e9glementation en vigueur relatives \u00e0 l\u2019\u00e9ducation physique et aux sports ainsi que celles relatives \u00e0 la lutte contre le dopage dans le sport et \u00e0 la lutte contre la violence lors ou \u00e0 l\u2019occasion de comp\u00e9titions ou de manifestations sportives&nbsp;<\/li><li>Faire respecter par ses membres les lois et r\u00e8glements r\u00e9gissant la pratique de Badminton, du speedminton, du Beach badminton au niveau national et international, et notamment les statuts, les r\u00e8glements, les directives, les d\u00e9cisions, les r\u00e8gles du jeu et le code d\u2019\u00e9thique de la F.R.M. Bad et de la F\u00e9d\u00e9ration Internationale dont elle est membre&nbsp;<\/li><li>D\u00e9fendre les int\u00e9r\u00eats moraux et mat\u00e9riels de Badminton, du speedminton, du Beach badminton (discipline sportive concern\u00e9e) en sauvegardant les int\u00e9r\u00eats communs de ses membres et en repr\u00e9sentant ceux-ci aussi bien aupr\u00e8s des pouvoirs publics et du Comit\u00e9 National Olympique Marocain (CNOM) \/ Comit\u00e9 National Paralympique Marocain (CNPM) qu\u2019aupr\u00e8s de la F\u00e9d\u00e9ration Internationale de Badminton, de la Conf\u00e9d\u00e9ration Africaine de Badminton et des unions r\u00e9gionales de Badminton<\/li><li>Emp\u00eacher que des m\u00e9thodes ou pratiques ne mettent en danger l\u2019int\u00e9grit\u00e9 du jeu ou des comp\u00e9titions ou ne donnent lieu \u00e0 des abus dans le sport de Badminton (discipline sportive concern\u00e9e), ainsi que prendre les mesures n\u00e9cessaires \u00e0 la pr\u00e9vention et \u00e0 la lutte contre le dopage adopt\u00e9es par les instances sportives internationales dont elle est membre&nbsp;<\/li><li>S\u00e9lectionner les associations sportives, les soci\u00e9t\u00e9s sportives et les sportifs devant repr\u00e9senter le Royaume du Maroc lors des comp\u00e9titions et manifestations sportives internationales, sous r\u00e9serve des comp\u00e9tences attribu\u00e9es en la mati\u00e8re au Comit\u00e9 National Olympique Marocain \/ Comit\u00e9 National Paralympique Marocain (CNPM) ainsi que former et g\u00e9rer les \u00e9quipes nationales de Badminton, du speedminton, du Beach badminton (discipline sportive concern\u00e9e)&nbsp;;&nbsp;&nbsp;<\/li><li>D\u00e9livrer aux sportifs et aux cadres sportifs des associations et des soci\u00e9t\u00e9s sportives qui en rel\u00e8vent des licences et des autorisations pour la participation aux comp\u00e9titions et manifestations sportives qui concernent la discipline de Badminton, du speedminton, du Beach badminton<\/li><li>Agr\u00e9er les agents sportifs et en publier chaque ann\u00e9e la liste&nbsp;<\/li><li>Contr\u00f4ler les activit\u00e9s des agents sportifs et veiller \u00e0 ce que les contrats et les conventions qu\u2019ils ont conclus avec les sportifs, les cadres sportifs, les associations et soci\u00e9t\u00e9s sportives ou tout autre organisateur de manifestations sportives pr\u00e9servent les int\u00e9r\u00eats des sportifs et de la discipline de Badminton, du speedminton, du Beach badminton<\/li><li>Organiser les comp\u00e9titions de niveau international ou autres sur le territoire national&nbsp;<\/li><li>Contr\u00f4ler et superviser toutes les rencontres amicales de Badminton, du speedminton, du Beach badminton sous toutes ses formes se d\u00e9roulant sur l\u2019ensemble du territoire national&nbsp;<\/li><li>Exercer un pouvoir disciplinaire \u00e0 l\u2019\u00e9gard des sportifs licenci\u00e9s, des cardes sportifs licenci\u00e9s, des dirigeants, des arbitres et des agents sportifs ainsi que des ligues, des associations et des soci\u00e9t\u00e9s sportives qui rel\u00e8vent d\u2019elle et d\u2019une mani\u00e8re g\u00e9n\u00e9rale \u00e0 l\u2019\u00e9gard de toute autre personne qui adh\u00e8re \u00e0 ses statuts&nbsp;<\/li><li>Appliquer le programme national en mati\u00e8re de sport de Badminton, du speedminton, du Beach badminton arr\u00eat\u00e9 par les pouvoirs publics&nbsp;<\/li><li>Participer \u00e0 l\u2019organisation de la formation sportive dans la discipline de Badminton, du speedminton, du Beach badminton&nbsp;<\/li><li>Organiser la formation dans l\u2019activit\u00e9 d\u2019arbitrage de la discipline de Badminton, du speedminton, du Beach badminton et l\u2019acc\u00e8s \u00e0 sa pratique&nbsp;<\/li><li>Reconna\u00eetre et homologuer les records et titres nationaux&nbsp;<\/li><li>\u00c9dicter ses propres r\u00e8glements g\u00e9n\u00e9raux<\/li><li>Aider et assister les ligues r\u00e9gionales, la ligue professionnelle, le cas \u00e9ch\u00e9ant, et les associations sportives, notamment en leur r\u00e9troc\u00e9dant les subventions publiques accord\u00e9es par les pouvoirs publics, conform\u00e9ment \u00e0 l\u2019article 82 de la loi pr\u00e9cit\u00e9e n\u00b0 30-09, pour la r\u00e9alisation de leurs programmes<\/li><li>\u00c9tablir et coordonner un calendrier annuel des comp\u00e9titions nationales et des r\u00e9unions internationales et veiller \u00e0 son respect&nbsp;<\/li><li>\u0152uvrer pour le d\u00e9veloppement des infrastructures d&#8217;accueil du public et de la pratique de Badminton, du speedminton, du Beach badminton (discipline sportive concern\u00e9e).<\/li><\/ul>\n","protected":false},"excerpt":{"rendered":"<p>la F\u00e9d\u00e9ration repr\u00e9sent\u00e9e par son comit\u00e9 directeur a pour missions g\u00e9n\u00e9rales\u00a0: D\u2019organiser, d\u2019encourager, de d\u00e9velopper et de vulgariser la pratique du Badminton, du speedminton, et du Beach badminton sous toutes&hellip; <\/p>\n","protected":false},"author":1,"featured_media":0,"parent":0,"menu_order":0,"comment_status":"closed","ping_status":"closed","template":"","meta":[],"_links":{"self":[{"href":"https:\/\/frmbad.ma\/index.php?rest_route=\/wp\/v2\/pages\/562"}],"collection":[{"href":"https:\/\/frmbad.ma\/index.php?rest_route=\/wp\/v2\/pages"}],"about":[{"href":"https:\/\/frmbad.ma\/index.php?rest_route=\/wp\/v2\/types\/page"}],"author":[{"embeddable":true,"href":"https:\/\/frmbad.ma\/index.php?rest_route=\/wp\/v2\/users\/1"}],"replies":[{"embeddable":true,"href":"https:\/\/frmbad.ma\/index.php?rest_route=%2Fwp%2Fv2%2Fcomments&post=562"}],"version-history":[{"count":3,"href":"https:\/\/frmbad.ma\/index.php?rest_route=\/wp\/v2\/pages\/562\/revisions"}],"predecessor-version":[{"id":627,"href":"https:\/\/frmbad.ma\/index.php?rest_route=\/wp\/v2\/pages\/562\/revisions\/627"}],"wp:attachment":[{"href":"https:\/\/frmbad.ma\/index.php?rest_route=%2Fwp%2Fv2%2Fmedia&parent=562"}],"curies":[{"name":"wp","href":"https:\/\/api.w.org\/{rel}","templated":true}]}}