{"id":496,"date":"2020-06-09T11:44:38","date_gmt":"2020-06-09T11:44:38","guid":{"rendered":"https:\/\/frmbad.ma\/?page_id=496"},"modified":"2020-06-15T14:17:53","modified_gmt":"2020-06-15T14:17:53","slug":"presentation","status":"publish","type":"page","link":"https:\/\/frmbad.ma\/?page_id=496","title":{"rendered":"PR\u00c9SENTATION"},"content":{"rendered":"\n<p><strong>La F\u00e9d\u00e9ration Royale marocaine de badminton<\/strong>, par abr\u00e9viation \u00ab\u00a0F.R.M. Bad \u00bb, fond\u00e9e en 1992, ann\u00e9e \u00e0 laquelle ce sport est devenu Olympique, la FRMBAD est une association sportive de droit priv\u00e9 r\u00e9gie par les dispositions du dahir n\u00b0 1-58-376 du 3 Joumada I 1378 (15 novembre 1958) r\u00e9glementant le droit d\u2019association, tel qu\u2019il a \u00e9t\u00e9 modifi\u00e9 et compl\u00e9t\u00e9 et de la loi pr\u00e9cit\u00e9e n\u00b0 30-09\u00a0, Elle compte aujourd\u2019hui\u00a0environ 3000 adh\u00e9rents et 36 clubs\u00a0, associations et 5 ligues r\u00e9gionales \u00a0affili\u00e9es, avec une estimation de 5000\u00a0pratiquants au Maroc. Notre f\u00e9d\u00e9ration organise environ 18\u00a0manifestations nationales et 1 rencontre internationale\u00a0par an. Chacune r\u00e9unie en moyenne plusieurs centaines de\u00a0personnes (participants et spectateurs). Les manifestations sont organis\u00e9es, pratiquement, dans certaines\u00a0grandes villes du Maroc (Kenitra, Casablanca, Marrakech, Agadir, Essaouira, Oujda et Goulmima&#8230;etc.).<\/p>\n\n\n\n<p>Au Maroc La F\u00e9d\u00e9ration Royale Marocaine de Badminton a pour objet l&#8217;acc\u00e8s de tous \u00e0 la pratique du Badminton, du speedminton, du Beach badminton, du air badminton ou tous autres sports assimil\u00e9s dont la FRMBad est en charge\u00a0sous toutes ses formes.<\/p>\n\n\n\n<p>La FRMBAD est charg\u00e9e, par le Minist\u00e8re de la Culture, de la Jeunesse et des Sports et par d\u00e9l\u00e9gation, d\u2019organiser et de structurer la pratique du Badminton dans le Royaume. Elle a la seule habilit\u00e9e \u00e0 organiser des examens, valider et d\u00e9livrer des grades, dipl\u00f4mes et attestations. Elle a \u00e9galement la mission de former, sur le plan p\u00e9dagogique et technique, des enseignants qualifi\u00e9s.<\/p>\n\n\n\n<p>La FRMBAD s\u2019est vue confier, par la F\u00e9d\u00e9ration Mondiale de Badminton\u00a0\u00ab BWF \u00bb, l\u2019organisation des opens internationaux de Badminton depuis 2012, et par l\u2019Union Arabe de Badminton\u00a0\u00ab UAB \u00bb\u00a0les championnats\u00a0Arabe et par la\u00a0Conf\u00e9d\u00e9ration Africaine de Badminton\u00a0\u00ab BCA \u00bb\u00a0le Championnat d\u2019Afrique.\u00a0 C\u2019\u00e9tait une premi\u00e8re pour le Maroc, le continent arabe et africain. Les championnats d\u2019Afrique ont r\u00e9uni 15 nations et pratiquement plus que 300 athl\u00e8tes et accompagnateurs \u00e9trangers au Maroc. Depuis 7\u00a0ans, la FRMBAD organise l\u2019Open International du Maroc qui a \u00e9t\u00e9 int\u00e9gr\u00e9e dans le circuit de la F\u00e9d\u00e9ration Mondiale de Badminton &#8220;Futurs S\u00e9ries&#8221;.<\/p>\n\n\n\n<p>Le si\u00e8ge social de la F.R.M. badminton est fix\u00e9 au Complexe sportif Mohammed V. Porte 12 N 25 BP 15902 Casa-Principale Casablanca&nbsp;&nbsp;&nbsp; &#8211;&nbsp;&nbsp;&nbsp;&nbsp; Maroc.<br>L\u2019embl\u00e8me et le sigle sont enregistr\u00e9s au nom de la F.R.M. Bad aupr\u00e8s de l\u2019Office Marocain de la Propri\u00e9t\u00e9 Industrielle et Commerciale (OMPIC).<\/p>\n\n\n\n<p>MARQUE ENREGISTRE SOUS 197740, DROIT R\u00c9SERVER  22\/2018<\/p>\n\n\n\n<figure class=\"wp-block-image is-resized\"><img loading=\"lazy\" src=\"https:\/\/frmbad.ma\/wp-content\/uploads\/2020\/06\/LOGO-1.jpg\" alt=\"\" class=\"wp-image-528\" width=\"336\" height=\"233\" srcset=\"https:\/\/frmbad.ma\/wp-content\/uploads\/2020\/06\/LOGO-1.jpg 662w, https:\/\/frmbad.ma\/wp-content\/uploads\/2020\/06\/LOGO-1-300x208.jpg 300w\" sizes=\"(max-width: 336px) 100vw, 336px\" \/><\/figure>\n\n\n\n<p><\/p>\n\n\n\n<p><\/p>\n","protected":false},"excerpt":{"rendered":"<p>La F\u00e9d\u00e9ration Royale marocaine de badminton, par abr\u00e9viation \u00ab\u00a0F.R.M. Bad \u00bb, fond\u00e9e en 1992, ann\u00e9e \u00e0 laquelle ce sport est devenu Olympique, la FRMBAD est une association sportive de droit&hellip; <\/p>\n","protected":false},"author":1,"featured_media":0,"parent":0,"menu_order":0,"comment_status":"closed","ping_status":"closed","template":"","meta":[],"_links":{"self":[{"href":"https:\/\/frmbad.ma\/index.php?rest_route=\/wp\/v2\/pages\/496"}],"collection":[{"href":"https:\/\/frmbad.ma\/index.php?rest_route=\/wp\/v2\/pages"}],"about":[{"href":"https:\/\/frmbad.ma\/index.php?rest_route=\/wp\/v2\/types\/page"}],"author":[{"embeddable":true,"href":"https:\/\/frmbad.ma\/index.php?rest_route=\/wp\/v2\/users\/1"}],"replies":[{"embeddable":true,"href":"https:\/\/frmbad.ma\/index.php?rest_route=%2Fwp%2Fv2%2Fcomments&post=496"}],"version-history":[{"count":5,"href":"https:\/\/frmbad.ma\/index.php?rest_route=\/wp\/v2\/pages\/496\/revisions"}],"predecessor-version":[{"id":1747,"href":"https:\/\/frmbad.ma\/index.php?rest_route=\/wp\/v2\/pages\/496\/revisions\/1747"}],"wp:attachment":[{"href":"https:\/\/frmbad.ma\/index.php?rest_route=%2Fwp%2Fv2%2Fmedia&parent=496"}],"curies":[{"name":"wp","href":"https:\/\/api.w.org\/{rel}","templated":true}]}}