{"id":370,"date":"2020-06-08T12:44:25","date_gmt":"2020-06-08T12:44:25","guid":{"rendered":"https:\/\/frmbad.ma\/?page_id=370"},"modified":"2020-06-09T22:05:53","modified_gmt":"2020-06-09T22:05:53","slug":"anouar","status":"publish","type":"page","link":"https:\/\/frmbad.ma\/?page_id=370","title":{"rendered":"ANOUAR"},"content":{"rendered":"\n<p><a href=\"https:\/\/www.facebook.com\/ASE-Badminton-1458174517800353\/\"><img loading=\"lazy\" class=\"wp-image-426\" src=\"https:\/\/frmbad.ma\/wp-content\/uploads\/2020\/06\/facebook-icon.png\" alt=\"\" width=\"32\" height=\"32\"><\/a>&nbsp;<img loading=\"lazy\" class=\"wp-image-426\" src=\"http:\/\/icons.iconarchive.com\/icons\/dakirby309\/windows-8-metro\/32\/Web-Youtube-alt-2-Metro-icon.png\" alt=\"\" width=\"32\" height=\"32\">&nbsp;<img loading=\"lazy\" class=\"wp-image-426\" src=\"http:\/\/icons.iconarchive.com\/icons\/limav\/flat-gradient-social\/32\/Instagram-icon.png\" alt=\"\" width=\"32\" height=\"32\">&nbsp;<img loading=\"lazy\" class=\"wp-image-426\" src=\"http:\/\/icons.iconarchive.com\/icons\/limav\/flat-gradient-social\/32\/Twitter-icon.png\" alt=\"\" width=\"32\" height=\"32\"><\/p>\n<p>&nbsp;<\/p>\n\n\n\n<p class=\"has-text-align-center\"><span class=\"has-inline-color has-pale-cyan-blue-color\"><strong>ASSOCIATION ANOUAR DE BADMINTON<\/strong><\/span><\/p>\n\n\n\n<p><strong>FICHE TECHNIQUE<\/strong><\/p>\n\n\n\n<p><strong>Identit\u00e9 <\/strong><strong>:<\/strong><strong> <\/strong>\u00ab Association ANOUAR de badminton \u00bb : est<strong> <\/strong>une association cr\u00e9\u00e9e en 1997 \u00e0 Casablanca est affili\u00e9e \u00e0 la F\u00e9d\u00e9ration Royale Marocaine de badminton depuis. Elle est d\u00e9tenteur de plusieurs championnats du Maroc et une coupe du Tr\u00f4ne.<\/p>\n\n\n\n<p><strong>M\u00e9tier <\/strong><strong>:<\/strong><strong> <\/strong>Encadrement de la pratique du sport de<strong> <\/strong>badminton en conformit\u00e9 avec les r\u00e8gles et l&#8217;\u00e9thique selon des dispositions juridiques et techniques en vigueur.<\/p>\n\n\n\n<p><strong>Mission : <\/strong>Vulgarisation de la pratique du Badminton,<strong> <\/strong>participer \u00e0 la promotion du Badminton \u00e0 l\u2019\u00e9chelle nationale et internationale<strong>.<\/strong><\/p>\n\n\n\n<p><strong>Culture : <\/strong>L\u2019association v\u00e9hicule une \u00e9thique du<strong> <\/strong>badminton bas\u00e9 sur le fair-play, la responsabilit\u00e9 des joueurs sur et en dehors du terrain, ainsi que le respect environnement.<\/p>\n\n\n\n<p><strong>Valeurs : <\/strong>Respect, Tol\u00e9rance, Plaisir, Fraternit\u00e9,<strong> <\/strong>G\u00e9n\u00e9rosit\u00e9<\/p>\n\n\n\n<p><strong>Objectifs :<\/strong><\/p>\n\n\n\n<ul><li>Encadrement de la pratique du sport de badminton<\/li><\/ul>\n\n\n\n<ul><li>D\u00e9veloppement des comp\u00e9tences physique et morales des adh\u00e9rents<\/li><\/ul>\n\n\n\n<ul><li>Participer dans les manifestations officielles et amicales au niveau local, r\u00e9gional et national ou national sous la supervision de la f\u00e9d\u00e9ration royale marocaine de Badminton<\/li><\/ul>\n\n\n\n<ul><li>Organiser des excursions \u00e0 l\u2019int\u00e9rieur et \u00e0 l\u2019ext\u00e9rieur du pays<\/li><\/ul>\n\n\n\n<p><strong>Logo<\/strong><\/p>\n\n\n\n<p><strong>Organigramme :<\/strong><\/p>\n\n\n\n<ul><li>Pr\u00e9sident&nbsp; : Said Limni<\/li><\/ul>\n\n\n\n<ul><li>V.pr\u00e9sident : Idris Sakine<\/li><\/ul>\n\n\n\n<p>&#8211;&nbsp;&nbsp;&nbsp; S. g\u00e9n\u00e9ral&nbsp;&nbsp;&nbsp; : Abdellah Ouahmid<\/p>\n\n\n\n<p>&#8211;&nbsp;&nbsp;&nbsp; Tr\u00e9sorier&nbsp;&nbsp;&nbsp;&nbsp;&nbsp; : Lamia Alami<\/p>\n\n\n\n<ul><li>S. adjointe : Nadia Alami<\/li><\/ul>\n\n\n\n<p>&#8211;&nbsp;&nbsp;&nbsp; T.adjoint&nbsp;&nbsp;&nbsp;&nbsp;&nbsp;&nbsp; : Abderrahmane Chemsi<\/p>\n\n\n\n<ul><li>Conseiller&nbsp; : Mehdi Limni<\/li><\/ul>\n\n\n\n<p><strong>Fondateurs :<\/strong><\/p>\n\n\n\n<p>N\u00e9e de la volont\u00e9 d\u2019un groupe de fonctionnaires du Minist\u00e8re de la Jeunesse et des Sports, de formateurs exp\u00e9riment\u00e9s et d\u2019amis aussi festifs que sportifs, L\u2019association Anouar de Badminton s\u2019installa dans la maison des jeunes Zerktouni \u00e0 Casablanca pour seule ambition de se divertir dans un sport ludique et accessible \u00e0 toutes et tous, et donner naissance \u00e0 une jeunesse qui pourra repr\u00e9senter la ville de Casablanca dans les grandes manifestations au niveau national, continental et international.<\/p>\n\n\n\n<p><strong>Notre page sur facebook<\/strong><\/p>\n\n\n\n<figure class=\"wp-block-embed\"><div class=\"wp-block-embed__wrapper\">\nhttps:\/\/www.facebook.com\/Club-AOUAR-de-\n<\/div><\/figure>\n\n\n\n<p><a href=\"https:\/\/www.facebook.com\/Club-AOUAR-de-Badminton-Casablanca-107158454325014\">Badminton-Casablanca-107158454325014<\/a><\/p>\n","protected":false},"excerpt":{"rendered":"<p>&nbsp;&nbsp;&nbsp; &nbsp; ASSOCIATION ANOUAR DE BADMINTON FICHE TECHNIQUE Identit\u00e9 : \u00ab Association ANOUAR de badminton \u00bb : est une association cr\u00e9\u00e9e en 1997 \u00e0 Casablanca est affili\u00e9e \u00e0 la F\u00e9d\u00e9ration&hellip; <\/p>\n","protected":false},"author":1,"featured_media":0,"parent":0,"menu_order":0,"comment_status":"closed","ping_status":"closed","template":"","meta":[],"_links":{"self":[{"href":"https:\/\/frmbad.ma\/index.php?rest_route=\/wp\/v2\/pages\/370"}],"collection":[{"href":"https:\/\/frmbad.ma\/index.php?rest_route=\/wp\/v2\/pages"}],"about":[{"href":"https:\/\/frmbad.ma\/index.php?rest_route=\/wp\/v2\/types\/page"}],"author":[{"embeddable":true,"href":"https:\/\/frmbad.ma\/index.php?rest_route=\/wp\/v2\/users\/1"}],"replies":[{"embeddable":true,"href":"https:\/\/frmbad.ma\/index.php?rest_route=%2Fwp%2Fv2%2Fcomments&post=370"}],"version-history":[{"count":7,"href":"https:\/\/frmbad.ma\/index.php?rest_route=\/wp\/v2\/pages\/370\/revisions"}],"predecessor-version":[{"id":644,"href":"https:\/\/frmbad.ma\/index.php?rest_route=\/wp\/v2\/pages\/370\/revisions\/644"}],"wp:attachment":[{"href":"https:\/\/frmbad.ma\/index.php?rest_route=%2Fwp%2Fv2%2Fmedia&parent=370"}],"curies":[{"name":"wp","href":"https:\/\/api.w.org\/{rel}","templated":true}]}}