{"id":334,"date":"2020-06-08T12:28:15","date_gmt":"2020-06-08T12:28:15","guid":{"rendered":"https:\/\/frmbad.ma\/?page_id=334"},"modified":"2020-06-23T17:39:19","modified_gmt":"2020-06-23T17:39:19","slug":"kac","status":"publish","type":"page","link":"https:\/\/frmbad.ma\/?page_id=334","title":{"rendered":"KAC"},"content":{"rendered":"\n<h2><span class=\"has-inline-color has-vivid-green-cyan-color\"><strong>KENITRA ATHLECTIC CLUB \u00ab KAC \u00bb SECTION DE BADMINTON<\/strong><\/span><\/h2>\n\n\n\n<p><strong>Identit\u00e9 :<\/strong> ATHLECTIC CLUB \u00ab KAC \u00bb : une section cr\u00e9\u00e9e en 1992 \u00e0 Kenitra est raffili\u00e9 \u00e0 la F\u00e9d\u00e9ration Royale Marocaine de badminton depuis 2013.<\/p>\n\n\n\n<p><strong>M\u00e9tier :<\/strong> Encadrement de la pratique du sport de badminton en conformit\u00e9 avec les r\u00e8gles et l&#8217;\u00e9thique selon des dispositions juridiques et techniques en vigueur. <strong>Logo<\/strong><img loading=\"lazy\" width=\"641\" height=\"960\" class=\"wp-image-2011\" style=\"width: 300px;\" src=\"https:\/\/frmbad.ma\/wp-content\/uploads\/2020\/06\/LOGO-KAC-BADMINTON.jpg\" alt=\"\" srcset=\"https:\/\/frmbad.ma\/wp-content\/uploads\/2020\/06\/LOGO-KAC-BADMINTON.jpg 641w, https:\/\/frmbad.ma\/wp-content\/uploads\/2020\/06\/LOGO-KAC-BADMINTON-200x300.jpg 200w, https:\/\/frmbad.ma\/wp-content\/uploads\/2020\/06\/LOGO-KAC-BADMINTON-32x48.jpg 32w\" sizes=\"(max-width: 641px) 100vw, 641px\" \/><\/p>\n\n\n\n<p><strong>Mission : <\/strong>Vulgarisation de la pratique du Badminton<\/p>\n\n\n\n<p>&nbsp;&nbsp;&nbsp;&nbsp;&nbsp;&nbsp;&nbsp;&nbsp;&nbsp;&nbsp;&nbsp;&nbsp;&nbsp;&nbsp;&nbsp;&nbsp; Participer \u00e0 la promotion du Badminton \u00e0 l\u2019\u00e9chelle nationale et internationale<strong>.<\/strong><\/p>\n\n\n\n<p><strong>Culture :&nbsp; <\/strong>&nbsp;Le club v\u00e9hicule une \u00e9thique du badminton bas\u00e9 sur le fair-play, la responsabilit\u00e9 des joueurs sur et en dehors du terrain, ainsi que le respect environnement.<\/p>\n\n\n\n<p><strong>Valeurs : <\/strong>Respect, Tol\u00e9rance, Plaisir, Fraternit\u00e9, G\u00e9n\u00e9rosit\u00e9<\/p>\n\n\n\n<p><strong>Objectifs :<\/strong><\/p>\n\n\n\n<ul><li>Encadrement de la pratique du sport de badminton&nbsp;<\/li><li>D\u00e9veloppement des comp\u00e9tences physique et morales des adh\u00e9rents<\/li><li>Participer dans les manifestations officielles et amicales au niveau local, r\u00e9gional et national ou national sous la supervision de la f\u00e9d\u00e9ration royale marocaine de Badminton<\/li><li>Organiser des excursions \u00e0 l\u2019int\u00e9rieur et \u00e0 l\u2019ext\u00e9rieur du pays<\/li><li>Organiser des excursions \u00e0 l\u2019int\u00e9rieur et \u00e0 l\u2019ext\u00e9rieur du pays<\/li><\/ul>\n\n\n\n<p><strong>Renaissance  : <\/strong>N\u00e9 de la volont\u00e9 d\u2019un groupe d\u2019enseignants d\u2019\u00e9ducation physique et sportive, de formateurs exp\u00e9riment\u00e9s et d\u2019amis aussi festifs que sportifs, le KAC-Badminton s\u2019installa dans la salle \u00ab&nbsp;SAKNIA&nbsp;\u00bb et salle de \u00ab&nbsp;DON BOSCO&nbsp;\u00bb \u00e0 Kenitra avec pour seule ambition de se divertir dans un sport ludique et accessible \u00e0 toutes et tous, et donner naissance \u00e0 une jeunesse qui pourra repr\u00e9senter la ville de Kenitra dans les grandes manifestations au niveau national, continental et international.<\/p>\n\n\n\n<p>Depuis le d\u00e9but le nombre de licenci\u00e9s n\u2019a cess\u00e9 de grandir ainsi que le nombre de cr\u00e9neaux consacr\u00e9 au club.<\/p>\n\n\n\n<p><strong>Organigramme :<\/strong><\/p>\n\n\n\n<p>Le club se dispose d\u2019une \u00e9quipe jeune et dynamique, soucieuse du d\u00e9veloppement d\u2019une bonne image de l\u2019association et tr\u00e8s ambitieuse au niveau sport<\/p>\n\n\n\n<p><strong>comit\u00e9 directeur <\/strong><\/p>\n\n\n\n<p><img loading=\"lazy\" width=\"761\" height=\"960\" class=\"wp-image-814\" style=\"width: 600px;\" src=\"https:\/\/frmbad.ma\/wp-content\/uploads\/2020\/06\/50414447_2593872060638115_2682959855269969920_o.jpg\" alt=\"\" srcset=\"https:\/\/frmbad.ma\/wp-content\/uploads\/2020\/06\/50414447_2593872060638115_2682959855269969920_o.jpg 761w, https:\/\/frmbad.ma\/wp-content\/uploads\/2020\/06\/50414447_2593872060638115_2682959855269969920_o-238x300.jpg 238w\" sizes=\"(max-width: 761px) 100vw, 761px\" \/><\/p>\n\n\n\n<p><strong>Les cat\u00e9gories du Club :<\/strong><\/p>\n\n\n\n<p>Pour les adh\u00e9rents sont r\u00e9partis en cat\u00e9gories d\u2019\u00e2ges selon les r\u00e8gles de participation dans les comp\u00e9titions nationales et internationales :<\/p>\n\n\n\n<figure class=\"wp-block-table\"><table><tbody><tr><td>CATEGORIE<\/td><td>NOMBRE<\/td><\/tr><tr><td>SENIORS HOMME<\/td><td>12<\/td><\/tr><tr><td>SENIORS FEMME<\/td><td>10<\/td><\/tr><tr><td>JUNIOR GARCONS<\/td><td>07<\/td><\/tr><tr><td>JUNIOR FILLES<\/td><td>08<\/td><\/tr><tr><td>CADET GARCONS<\/td><td>16<\/td><\/tr><tr><td>CADETTES FILLES<\/td><td>04<\/td><\/tr><tr><td>MINIMES GARCONS<\/td><td>07<\/td><\/tr><tr><td>MINIMES FILLELS<\/td><td>04<\/td><\/tr><tr><td>BENJAMINS GARCONS<\/td><td>11<\/td><\/tr><tr><td>BENJAMINES FILLES<\/td><td>05<\/td><\/tr><tr><td>POUSSINS GARCONS<\/td><td>07<\/td><\/tr><tr><td>POUSSINS FILLES<\/td><td>05<\/td><\/tr><\/tbody><\/table><\/figure>\n\n\n\n<p><strong>Relation du club avec son environnement&nbsp;:<\/strong><\/p>\n\n\n\n<p>Le club KAC Badminton a mis en place des moyens de communications pour rester connect\u00e9 \u00e0 son environnement \u00e0 travers :<\/p>\n\n\n\n<ul><li><strong>Cr\u00e9ation d\u2019un page Facebook qui regroupent 4750 FANS <\/strong><a href=\"https:\/\/www.facebook.com\/kacbadminton?fref=ts\">https:\/\/www.facebook.com\/kacbadminton?fref=ts<\/a><ul><li><strong>Cr\u00e9ation d\u2019une Chaine Youtube : <\/strong><a href=\"https:\/\/www.youtube.com\/channel\/UC1M8AwHTkr4eKEauNFsQ7Xg\">https:\/\/www.youtube.com\/channel\/UC1M8AwHTkr4eKEauNFsQ7Xg<\/a><\/li><\/ul><\/li><\/ul>\n\n\n\n<p><strong>Les projets pour du club&nbsp;: &nbsp;<\/strong><\/p>\n\n\n\n<p>Le KAC badminton a pour projet de promouvoir la pratique du sport de badminton dans la ville de Kenitra et sp\u00e9cifiquement dans les \u00e9tablissements scolaires, pour cela il a lanc\u00e9 un projet en partenariat avec les \u00e9coles priv\u00e9es de<\/p>\n\n\n\n<p>Kenitra nomm\u00e9 : <strong><em>MON CLUB \u2013 MON ECOLE <\/em><\/strong><strong>Quel public ?<\/strong><\/p>\n\n\n\n<p>La pratique du sport de badminton au club KAC est destin\u00e9e pour toutes les cat\u00e9gories d\u2019\u00e2ge et pour les deux sexes, le club KAC depuis sa cr\u00e9ation connait une \u00e9volution au niveau des adh\u00e9rents.<\/p>\n\n\n\n<p><strong><u>Adherents:<\/u><\/strong><\/p>\n\n\n\n<figure class=\"wp-block-table\"><table><tbody><tr><td>Nombre total des adh\u00e9rents<\/td><td>98<\/td><\/tr><tr><td>Licenci\u00e9s filles<\/td><td>37<\/td><\/tr><tr><td>Licenci\u00e9s gar\u00e7ons<\/td><td>61<\/td><\/tr><\/tbody><\/table><\/figure>\n\n\n\n<p><strong>Staff:<\/strong><\/p>\n\n\n\n<p>Les acteurs de l\u2019organisation sont de profils diff\u00e9rents et de comp\u00e9tences vari\u00e9s entre l\u2019entrainement, l\u2019encadrement, l\u2019animation, et conseil technique.<\/p>\n\n\n\n<figure class=\"wp-block-table\"><table><tbody><tr><td>PERIODE<\/td><td>ACTIVITES<\/td><td>LIEUX<\/td><\/tr><tr><td>NOM ET PRENOM<\/td><td>TACHE<\/td><td>STATUT<\/td><\/tr><tr><td>Marouane BICHI<\/td><td>Pr\u00e9sident du club<\/td><td>Professeur d\u2019EPS Attestation master 2 en MGS<\/td><\/tr><tr><td>Alain Jain Fernandez<\/td><td>Conseiller technique<\/td><td>Docteur en Droit &nbsp;Conseiller en droit<\/td><\/tr><tr><td>Naima GHARNIT<\/td><td>Directeur technique<\/td><td>Cadre du MJS<\/td><\/tr><tr><td>Mehdi Tarfaoui<\/td><td>Pr\u00e9parateur physique<\/td><td>Dipl\u00f4me Pr\u00e9parateur physique<\/td><\/tr><tr><td>Abdelgani ELMANGOUB<\/td><td>Animateur&nbsp;<\/td><td>Professeur d\u2019EPS Dipl\u00f4me initiateur en badminton&nbsp;<\/td><\/tr><tr><td>Ahmed AIT DAOUD<\/td><td>Animateur&nbsp;<\/td><td>Professeur d\u2019EPS<\/td><\/tr><tr><td>Rida HALIMI<\/td><td>Animateur<\/td><td>Professeur D\u2019EPS Dipl\u00f4me initiateur en badminton&nbsp;<\/td><\/tr><tr><td>Majda sagouti<\/td><td>Animatrice<\/td><td>Etudiante en licence biologie Attestation d\u2019initiateur en badminton<\/td><\/tr><tr><td>Fatima idrissi<\/td><td>M\u00e9dicale<\/td><td>Dipl\u00f4me du croissant Rouge Licence en \u00e9conomie<\/td><\/tr><\/tbody><\/table><\/figure>\n\n\n\n<p><strong>Commissions&nbsp;:<\/strong><\/p>\n\n\n\n<p>Les acteurs du KAC badminton notamment les entraineurs respectent un programme hebdomadaire d\u2019encadrement :<\/p>\n\n\n\n<figure class=\"wp-block-table alignwide\"><table><tbody><tr><td>J \/ H<\/td><td>CATEGORIE<\/td><td>Lieu<\/td><td>Encadrement<\/td><\/tr><tr><td><img loading=\"lazy\" width=\"15\" height=\"16\" src=\"\" alt=\"Badminton%20Shuttlecock16x16\">&nbsp;MERCRE DI 14H45 \/ 16H30<\/td><td><strong>GROUPE<\/strong> <strong>COMPETITION<\/strong> Juniors+Cadets+Minime s +Benjamins+Poussins<\/td><td>Salle SAKNIA<\/td><td><img loading=\"lazy\" width=\"48\" height=\"60\" src=\"\" alt=\"KAC%20Abdelghani%20ELMANGOUB%2001\"> Abdelgani ELMANG OUB<\/td><td>&nbsp; Majda sagouti<\/td><td><img loading=\"lazy\" width=\"47\" height=\"60\" src=\"\" alt=\"KAC-Naima-GHARNIT-01\"> Naima GHARNIT I<\/td><\/tr><tr><td><img loading=\"lazy\" width=\"15\" height=\"16\" src=\"\" alt=\"Badminton%20Shuttlecock16x16\">&nbsp;MERCRE DI 16H30 \/ 18H00<\/td><td>&nbsp;DEBUTANTS Juniors+Cadets+Minime s +Benjamins+Poussins &nbsp;<\/td><td>Salle SAKNIA<\/td><td><img loading=\"lazy\" width=\"48\" height=\"60\" src=\"\" alt=\"KAC%20Abdelghani%20ELMANGOUB%2001\"> Abdelgani ELMANG OUB<\/td><td>&nbsp; Fatima idrissi<\/td><td><img loading=\"lazy\" width=\"47\" height=\"60\" src=\"\" alt=\"KAC-Naima-GHARNIT-01\"> Naima GHARNIT<\/td><\/tr><tr><td><img loading=\"lazy\" width=\"15\" height=\"16\" src=\"\" alt=\"Badminton%20Shuttlecock16x16\">&nbsp;VENDRED I 16H00 \/ 18H00<\/td><td>&nbsp;<\/td><td>&nbsp; <strong>SENIORS+ Adultes<\/strong><\/td><td>&nbsp;<\/td><td>Salle SAKNIA<\/td><td><img loading=\"lazy\" width=\"43\" height=\"60\" src=\"\" alt=\"KAC%20Ahmed%20AIT%20DAOUD%2001\"> Ahmed AIT DAOUD<\/td><td>&nbsp; Majda sagouti &nbsp;<\/td><td><img loading=\"lazy\" width=\"42\" height=\"60\" src=\"\" alt=\"KAC-Alain-FERNANDEZ-01\"> Alain J. FERNANDE Z<\/td><\/tr><tr><td>&nbsp;<\/td><td><strong>Loisirs<\/strong><\/td><td>&nbsp;<\/td><\/tr><tr><td>&nbsp;<\/td><\/tr><tr><td><img loading=\"lazy\" width=\"15\" height=\"16\" src=\"\" alt=\"Badminton%20Shuttlecock16x16\">&nbsp;SAMEDI 12H00 \/ 13H30<\/td><td><strong>GROUPE<\/strong> <strong>COMPETITION<\/strong> Juniors+Cadets+Minime s +Benjamins+Poussins<\/td><td>Salle SAKNIA<\/td><td><img loading=\"lazy\" width=\"43\" height=\"60\" src=\"\" alt=\"KAC%20Ahmed%20AIT%20DAOUD%2001\"> Ahmed AIT DAOUD<\/td><td>&nbsp; Mustapha fazoti<\/td><td><img loading=\"lazy\" width=\"42\" height=\"60\" src=\"\" alt=\"KAC-Alain-FERNANDEZ-01\"> (1) Alain J. FERNANDE Z<\/td><\/tr><tr><td><img loading=\"lazy\" width=\"15\" height=\"16\" src=\"\" alt=\"Badminton%20Shuttlecock16x16\">&nbsp;SAMEDI 13H30 \/ 15H00<\/td><td>&nbsp; +<\/td><td><img loading=\"lazy\" width=\"87\" height=\"17\" src=\"\">DEBUTANTS<\/td><td>&nbsp; &nbsp;<\/td><td>Salle SAKNIA<\/td><td><img loading=\"lazy\" width=\"46\" height=\"60\" src=\"\" alt=\"KAC%20Reda%20ELHALIMI%2001\"> Rida HALIMI<\/td><td>&nbsp; Mehdi &nbsp;tarfaoui<\/td><td><img loading=\"lazy\" width=\"42\" height=\"60\" src=\"\" alt=\"KAC-Alain-FERNANDEZ-01\"> (2) Alain J. FERNANDE Z<\/td><\/tr><tr><td>Juniors+Cadets+Minime s Benjamins+Poussins<\/td><\/tr><tr><td>&nbsp;<\/td><\/tr><tr><td><\/td><td><\/td><td><\/td><td><\/td><td><\/td><td><\/td><td><\/td><td><\/td><td><\/td><td><\/td><td><\/td><td><\/td><\/tr><\/tbody><\/table><\/figure>\n\n\n\n<p><strong>Gestion des ressources humaines&nbsp;:<\/strong><\/p>\n\n\n\n<p>Le club KAC badminton a adopt\u00e9 une strat\u00e9gie de r\u00e9partition des personnels qui travaillent avec le club en tant que b\u00e9n\u00e9voles en des commissions avec des t\u00e2ches diff\u00e9rentes :<\/p>\n\n\n\n<p><img loading=\"lazy\" width=\"618\" height=\"20\" src=\"\"><strong>1 &#8211; &nbsp;Commission Technique&nbsp;&nbsp;&nbsp;&nbsp;&nbsp;&nbsp;&nbsp;&nbsp;&nbsp;&nbsp;&nbsp;&nbsp;&nbsp;&nbsp;&nbsp;&nbsp;&nbsp;&nbsp;&nbsp;&nbsp;&nbsp;&nbsp;&nbsp;&nbsp;&nbsp;&nbsp;&nbsp;&nbsp;&nbsp;&nbsp;&nbsp;&nbsp;&nbsp;&nbsp;&nbsp;&nbsp;&nbsp;&nbsp;&nbsp;&nbsp;&nbsp;&nbsp;&nbsp;&nbsp;&nbsp;&nbsp; <\/strong>CHBADA HICHAM &#8211; Abdelghani<\/p>\n\n\n\n<p><strong>Formation et Stages &nbsp;&nbsp;&nbsp;&nbsp;&nbsp;&nbsp;&nbsp;&nbsp;&nbsp;&nbsp;&nbsp;&nbsp;&nbsp;&nbsp;&nbsp;&nbsp;&nbsp;&nbsp;&nbsp;&nbsp;&nbsp;&nbsp;&nbsp;&nbsp;&nbsp;&nbsp;&nbsp;&nbsp;&nbsp;&nbsp;&nbsp;&nbsp;&nbsp;&nbsp;&nbsp;&nbsp;&nbsp;&nbsp;&nbsp;&nbsp;&nbsp;&nbsp;&nbsp;&nbsp;&nbsp;&nbsp;&nbsp;&nbsp;&nbsp;&nbsp;&nbsp;&nbsp;&nbsp;&nbsp;&nbsp;&nbsp;&nbsp;&nbsp;&nbsp;&nbsp;&nbsp; <\/strong>ELMANGOUB<\/p>\n\n\n\n<figure class=\"wp-block-table\"><table><tbody><tr><td><strong>2 &#8211; <\/strong><img loading=\"lazy\" width=\"17\" height=\"14\" src=\"\" alt=\"Description: http:\/\/www.kacbadminton.com\/Icones\/nbrmembres.gif\"><strong>&nbsp;&nbsp;&nbsp; &nbsp;Commission Comp\u00e9titions et Tournois&nbsp;&nbsp;&nbsp;&nbsp;&nbsp;&nbsp;&nbsp;&nbsp;&nbsp;&nbsp; <\/strong>MOHAMED DRISSI SAISSI \u2013 MOUNAIM HMIDOUCH<\/td><\/tr><\/tbody><\/table><\/figure>\n\n\n\n<p><strong>3 &#8211; <\/strong><img loading=\"lazy\" width=\"17\" height=\"14\" src=\"\" alt=\"Description: http:\/\/www.kacbadminton.com\/Icones\/nbrmembres.gif\"><strong>&nbsp;Commission Animation et Manifestations&nbsp;&nbsp;&nbsp;&nbsp;&nbsp;&nbsp; <\/strong>MAJDA SAGOUTI &nbsp;\u2013 SANAE AMARI<\/p>\n\n\n\n<figure class=\"wp-block-table\"><table><tbody><tr><td><strong>4 &#8211; <\/strong><img loading=\"lazy\" width=\"17\" height=\"14\" src=\"\" alt=\"Description: http:\/\/www.kacbadminton.com\/Icones\/nbrmembres.gif\"><strong> &nbsp;Commission D\u00e9veloppement et&nbsp;&nbsp;&nbsp; Sponsoring<\/strong><\/td><td>YOUSSRA BAHAMOU&nbsp; &#8211; SOUMIA CHKHIMAT &nbsp;<\/td><\/tr><tr><td><strong>5 &#8211; <\/strong><img loading=\"lazy\" width=\"17\" height=\"14\" src=\"\" alt=\"Description: http:\/\/www.kacbadminton.com\/Icones\/nbrmembres.gif\"><strong>&nbsp;&nbsp;&nbsp;&nbsp;&nbsp;&nbsp;&nbsp;&nbsp;&nbsp;&nbsp;&nbsp; &nbsp;Commission Mat\u00e9riels et<\/strong> <strong>Equipements<\/strong><\/td><td>Mohamed ERROUDANI \u2013 Mustapha Fazoti<\/td><\/tr><tr><td><strong>6 &#8211; <\/strong><img loading=\"lazy\" width=\"17\" height=\"14\" src=\"\" alt=\"Description: http:\/\/www.kacbadminton.com\/Icones\/nbrmembres.gif\"><strong>&nbsp;&nbsp;&nbsp;&nbsp;&nbsp;&nbsp;&nbsp;&nbsp;&nbsp;&nbsp;&nbsp; &nbsp;Commission Publicit\u00e9 et<\/strong> <strong>Ventes<\/strong><\/td><td>HICHAM CHBADA&nbsp; &#8211; MAREZOUKI YOUSSEF<\/td><\/tr><tr><td><strong>7 &#8211; <\/strong><img loading=\"lazy\" width=\"17\" height=\"14\" src=\"\" alt=\"Description: http:\/\/www.kacbadminton.com\/Icones\/nbrmembres.gif\"><strong>&nbsp;&nbsp;&nbsp;&nbsp;&nbsp;&nbsp;&nbsp;&nbsp;&nbsp;&nbsp;&nbsp; &nbsp;Commission M\u00e9dicale<\/strong><\/td><td>FATIMA IDRISSI \u2013 NAIMA GHERNIT&nbsp;<\/td><\/tr><tr><td><strong>8 &#8211; <\/strong><img loading=\"lazy\" width=\"17\" height=\"14\" src=\"\" alt=\"Description: http:\/\/www.kacbadminton.com\/Icones\/nbrmembres.gif\"><strong> &nbsp;Commission de Discipline&nbsp;&nbsp;&nbsp;&nbsp;&nbsp;&nbsp;&nbsp;&nbsp;&nbsp;&nbsp;&nbsp;&nbsp;&nbsp;&nbsp;&nbsp;&nbsp;&nbsp;&nbsp;&nbsp;&nbsp;&nbsp;&nbsp;&nbsp;&nbsp;&nbsp;&nbsp;&nbsp;&nbsp;&nbsp;&nbsp; <\/strong>ALAIN JACKES FERNANDEZ&nbsp; &#8211; FADIL AABADOU<\/td><\/tr><\/tbody><\/table><\/figure>\n\n\n\n<p><\/p>\n\n\n\n<p><strong><u>Installations sportives<\/u><\/strong><\/p>\n\n\n\n<ul><li>Salle couverte bien \u00e9quipier.<\/li><li>6 terrains de badminton. \u00d86 terrains trac\u00e9s.<\/li><li>Un espace local d\u2019arrangement du mat\u00e9riel.<\/li><li>Salle de remise en forme<\/li><li>Salle des r\u00e9unions&nbsp; &nbsp;<\/li><\/ul>\n","protected":false},"excerpt":{"rendered":"<p>KENITRA ATHLECTIC CLUB \u00ab KAC \u00bb SECTION DE BADMINTON Identit\u00e9 : ATHLECTIC CLUB \u00ab KAC \u00bb : une section cr\u00e9\u00e9e en 1992 \u00e0 Kenitra est raffili\u00e9 \u00e0 la F\u00e9d\u00e9ration Royale&hellip; <\/p>\n","protected":false},"author":1,"featured_media":0,"parent":0,"menu_order":0,"comment_status":"closed","ping_status":"closed","template":"","meta":[],"_links":{"self":[{"href":"https:\/\/frmbad.ma\/index.php?rest_route=\/wp\/v2\/pages\/334"}],"collection":[{"href":"https:\/\/frmbad.ma\/index.php?rest_route=\/wp\/v2\/pages"}],"about":[{"href":"https:\/\/frmbad.ma\/index.php?rest_route=\/wp\/v2\/types\/page"}],"author":[{"embeddable":true,"href":"https:\/\/frmbad.ma\/index.php?rest_route=\/wp\/v2\/users\/1"}],"replies":[{"embeddable":true,"href":"https:\/\/frmbad.ma\/index.php?rest_route=%2Fwp%2Fv2%2Fcomments&post=334"}],"version-history":[{"count":9,"href":"https:\/\/frmbad.ma\/index.php?rest_route=\/wp\/v2\/pages\/334\/revisions"}],"predecessor-version":[{"id":2016,"href":"https:\/\/frmbad.ma\/index.php?rest_route=\/wp\/v2\/pages\/334\/revisions\/2016"}],"wp:attachment":[{"href":"https:\/\/frmbad.ma\/index.php?rest_route=%2Fwp%2Fv2%2Fmedia&parent=334"}],"curies":[{"name":"wp","href":"https:\/\/api.w.org\/{rel}","templated":true}]}}