{"id":1822,"date":"2020-06-16T21:26:42","date_gmt":"2020-06-16T21:26:42","guid":{"rendered":"https:\/\/frmbad.ma\/?page_id=1822"},"modified":"2020-06-16T21:33:56","modified_gmt":"2020-06-16T21:33:56","slug":"international","status":"publish","type":"page","link":"https:\/\/frmbad.ma\/?page_id=1822","title":{"rendered":"INTERNATIONAL"},"content":{"rendered":"\n<p>Avant d\u2019exister comme le sport que l\u2019on connait aujourd\u2019hui, le badminton a eu plusieurs anc\u00eatres. Les principaux anc\u00eatres du badminton proviennent soit d\u2019Asie, d\u2019Am\u00e9rique du Nord, du Sud ou bien d\u2019Europe. Par exemple, on pratiquait en Chine le \u00ab jeu de volant \u00bb qui s\u2019apparentait au football puisque le volant \u00e9tait renvoy\u00e9 au pied. Au Japon, on retrouve une pratique similaire au badminton appel\u00e9e le \u00ab hanetsuki \u00bb, qui consistait \u00e0 se renvoyer un volant avec des raquettes en bois mais sans devoir<\/p>\n\n\n\n<p>Passer au-dessus d\u2019un filet. Le \u00ab batteldore and shuttlecock \u00bb est lui aussi l\u2019anc\u00eatre, anglais, du badminton. Vers le 14e si\u00e8cle le jeu est alors pratiqu\u00e9 exclusivement par l\u2019aristocratie mais il va commencer \u00e0 se r\u00e9pandre vers les classes les plus populaires de la soci\u00e9t\u00e9 car \u00e9tait recommand\u00e9 par les p\u00e9dagogues et philosophes pour ses vertus physiques.873 va marquer un tournant dans l\u2019histoire du badminton puisque des officiers anglais de retour d\u2019Inde vont \u00e9voquer un jeu qu\u2019ils ont vu l\u00e0-bas, le Poona, cependant ils n\u2019ont pas le mat\u00e9riel n\u00e9cessaire car ce jeu se pratique avec des raquettes et une balle. N\u2019ayant pas de balle, ils vont improviser et prendre un bouchon de champagne auquel ils attacheront des plumes. Afin de donner un nom \u00e0 ce sport ils vont choisir le nom de la ville dans laquelle ils se situaient : Badminton. Quelques ann\u00e9es plus tard, les premi\u00e8res r\u00e8gles du sport sont cr\u00e9\u00e9es et en 1893 la f\u00e9d\u00e9ration anglaise de badminton est fond\u00e9e. C\u2019est le 5 Juillet 1934 que la f\u00e9d\u00e9ration internationale (International Badminton F\u00e9d\u00e9ration (IBF) \u00e0 l\u2019\u00e9poque) fut cr\u00e9\u00e9e. Les membres fondateurs de cette f\u00e9d\u00e9ration furent : l\u2019Angleterre, l\u2019\u00c9cosse, le Pays de Galles, l\u2019Irlande, la France, le Danemark, les Pays-Bas, le Canada et la Nouvelle-Z\u00e9lande. Une vingtaine de pays qui n\u2019\u00e9taient pas d\u2019accord avec l\u2019IBF avaient cr\u00e9\u00e9 leur propre union en 1978, apr\u00e8s trois ann\u00e9es de d\u00e9saccord, cette union s\u2019est associ\u00e9e avec l\u2019IBF en gardant le nom de celle-ci. C\u2019est en 2006 que l\u2019IBF a chang\u00e9 de nom pour devenir la f\u00e9d\u00e9ration que l\u2019on connait aujourd\u2019hui : <strong>la Badminton World F\u00e9d\u00e9ration<\/strong> (BWF). En parall\u00e8le, le badminton s\u2019est inscrit au calendrier olympique \u00e0 partir des Jeux Olympiques de S\u00e9oul en 198833 auxquels il \u00e9tait pr\u00e9sent en tant que d\u00e9monstration. C\u2019est aux Jeux Olympiques de Barcelone en 1992 qu\u2019il apparait pour la premi\u00e8re fois sous sa forme comp\u00e9titive qu\u2019on lui connait avec la pr\u00e9sence des simples et des doubles masculins et f\u00e9minins. Aux Jeux Olympiques de 1996 \u00e0 Atlanta, le badminton deviendra la premi\u00e8re \u00e9preuve mixte des Jeux Olympiques. M\u00eame s\u2019il n\u2019y a pas de donn\u00e9es officielles quant \u00e0 la pratique du badminton, on estime que le nombre de joueurs dans le monde serait autour de 220 millions, ce qui en ferait le deuxi\u00e8me sport le plus pratiqu\u00e9 au monde juste derri\u00e8re le football. Aujourd\u2019hui, le badminton n\u2019a plus rien \u00e0 voir avec la pratique des si\u00e8cles pass\u00e9s, les meilleurs joueurs mondiaux sont professionnels, parcourent la plan\u00e8te pour s\u2019affronter sur le circuit mondial et la vitesse de certains smashs d\u00e9passe largement les 450km\/h avec un record du monde enregistr\u00e9 \u00e0 493km\/h par le malaisien Tan Boon Heong en2013. De plus, m\u00eames si les pays asiatiques restent tr\u00e8s dominants dans ce sport, on remarque qu\u2019il se d\u00e9veloppe de plus en plus dans des pays que l\u2019on n\u2019attendait pas forc\u00e9ment au haut niveau international comme l\u2019Espagne ou la France.<\/p>\n\n\n\n<p>b. Organisation du badminton dans le monde<\/p>\n\n\n\n<p>\u00c0 l\u2019\u00e9chelle internationale, le badminton est g\u00e9r\u00e9 par la Badminton World F\u00e9d\u00e9ration (BWF), pr\u00e9sid\u00e9e depuis mai 2013 par le danois Poul-Erik H\u00f8yer Larsen, ancien joueur international danois et vainqueur de la m\u00e9daille d\u2019or en simple homme aux Jeux Olympiques d\u2019Atlanta en 1996. La BWF si\u00e8ge \u00e0 Kuala Lumpur en Malaisie et est aujourd\u2019hui compos\u00e9e de 188 f\u00e9d\u00e9rations nationales membres. Toutes les comp\u00e9titions internationales les plus importantes sont organis\u00e9es par la BWF (\u00e0 l\u2019exception des Jeux Olympiques) comme les championnats du monde individuels, par \u00e9quipes mixtes (Sudermann Cup), par \u00e9quipes masculines (Thomas Cup) ou f\u00e9minines (Uber Cup), ces \u00e9v\u00e9nements sont regroup\u00e9s sous le nom \u00ab major events \u00bb. La BWF a aussi son propre circuit de comp\u00e9titions internationales appel\u00e9es \u00ab Super S\u00e9ries \u00bb que l\u2019on pourrait comparer aux Grand Chelem de tennis, ces comp\u00e9titions sont au nombre de treize et elles sont r\u00e9parties dans le monde entier m\u00eame si on peut observer qu\u2019une grande majorit\u00e9 \u00e0 lieu en Asie (1 en Oc\u00e9anie, 3 en Europe et 9). La BWF n\u2019est pas aussi impliqu\u00e9e dans l\u2019organisation des Super S\u00e9ries qu\u2019elle l\u2019est dans celle des major \u00e9vents puisque pour les major \u00e9vents la BWF g\u00e8re tout de A-Z avec l\u2019aide de la f\u00e9d\u00e9ration h\u00f4te alors que pour les Super S\u00e9ries, la plus grande part de responsabilit\u00e9 est pour la f\u00e9d\u00e9ration h\u00f4te.<\/p>\n\n\n\n<p>La BWF a entrepris une restructuration de ses comp\u00e9titions \u00e0 partir de la saison2018 et qui sera effective jusqu\u2019en 2021 au moins. Cette restructuration a pour but de proposer une offre plus pr\u00e9cise aux potentiels diffuseurs afin d\u2019en attirer plus pour assurer une meilleure couverture m\u00e9diatique au badminton. Cette restructuration s\u2019inscrit aussi dans la d\u00e9marche de la BWF afin de professionnaliser encore plus le sport car les tournois seront dot\u00e9s de Prize money plus importants. Au niveau continental, le badminton est g\u00e9r\u00e9 par les divers conf\u00e9d\u00e9rations, celles-ci ont pour r\u00f4le de g\u00e9rer les f\u00e9d\u00e9rations membres mais aussi d\u2019organiser certains tournois de rayonnement continental comme les championnats continentaux individuels, par \u00e9quipe mixte, masculins et f\u00e9minins. Badminton Europe organise m\u00eame son propre circuit.<\/p>\n\n\n\n<p>Le r\u00f4le des f\u00e9d\u00e9rations nationales est primordial dans cette organisation du badminton \u00e0 l\u2019\u00e9chelle mondiale, en effet ce sont elles qui ont pour r\u00f4le d\u2019accueillir tous les \u00e9v\u00e9nements ponctuels (c\u2019est \u00e0 dire organis\u00e9s dans des lieux diff\u00e9rents chaque ann\u00e9e) mis en place par la f\u00e9d\u00e9ration internationale et les f\u00e9d\u00e9rations continentales.<\/p>\n\n\n\n<p>Les f\u00e9d\u00e9rations nationales doivent donc candidater \u00e0 l\u2019organisation de ces \u00e9v\u00e9nements majeurs et se voient ou non attribuer l\u2019organisation selon la qualit\u00e9 de leur dossier mais aussi selon les \u00e9v\u00e9nements sportifs \u00e0 venir (ex : cette ann\u00e9e l\u2019Australie accueille les championnats du monde par \u00e9quipe mixte pour se pr\u00e9parer \u00e0 l\u2019organisation des Jeux de Commonwealth de l\u2019ann\u00e9e prochaine).<\/p>\n\n\n\n<p>Autrefois consid\u00e9r\u00e9e comme amateur, la pratique du sport a \u00e9volu\u00e9 au fil des ann\u00e9es pour devenir plus professionnelle.&nbsp; Cette professionnalisation a in\u00e9vitablement entrain\u00e9 une n\u00e9cessit\u00e9 de structurer et d\u2019encadrer la pratique afin d\u2019\u00e9viter certaines d\u00e9rives.&nbsp; Il \u00e9tait alors essentiel de proposer un cadre de r\u00e9f\u00e9rence qui serait le m\u00eame pour tous.&nbsp; C\u2019est \u00e0 ce moment que plusieurs organisations non gouvernementales ont fait leur apparition.&nbsp; Cette premi\u00e8re partie aura donc pour but de pr\u00e9senter l\u2019organisation du syst\u00e8me sportif mondial avec dans un premier temps, la pr\u00e9sentation du Mouvement Olympique et des entit\u00e9s qui le constituent et dans un second temps les instances r\u00e9gulatrices du syst\u00e8me sportif mondial.<\/p>\n\n\n\n<p>\u00a0Le Mouvement Olympique est \u00ab l\u2019action concert\u00e9e, organis\u00e9e, universelle et permanente, exerc\u00e9e sous l\u2019autorit\u00e9 supr\u00eame du CIO, de tous les individus et entit\u00e9s inspir\u00e9s par les valeurs de l\u2019Olympisme\u2026\u00a0 L\u2019appartenance au Mouvement Olympique exige le respect de la Charte olympique et la reconnaissance par le CIO \u00bb.\u00a0 (Charte olympique,2015, Principes fondamentaux).\u00a0 Comme \u00e9voqu\u00e9 dans la Charte Olympique, l\u2019objectif principal du Mouvement Olympique est \u00ab de contribuer \u00e0 b\u00e2tir un monde pacifique et meilleur en \u00e9duquant la jeunesse par le moyen du sport pratiqu\u00e9 sans discrimination d\u2019aucune sorte et dans l\u2019esprit Olympique qui exige la compr\u00e9hension mutuelle \u00bb1. Le Mouvement Olympique est constitu\u00e9 de trois entit\u00e9s principales qui sont le comit\u00e9 international olympique, les f\u00e9d\u00e9rations internationales de sports et les comit\u00e9s nationaux olympiques.\u00a0 En plus de ces trois parties, il comprend les comit\u00e9s d\u2019organisation des Jeux Olympiques, les athl\u00e8tes, les arbitres ainsi que les entra\u00eeneurs sportifs. Le Comit\u00e9 International Olympique (CIO) Le CIO a \u00e9t\u00e9 cr\u00e9\u00e9 le 23 Juin 1894 par Pierre de Coubertin afin de r\u00e9instaurer les Jeux Olympiques antiques.\u00a0 Selon lui le sport est quelque chose d\u2019essentiel qui peut pr\u00e9senter des vertus \u00e9ducatives, il est donc n\u00e9cessaire de se servir des Jeux Olympiques pour transmettre des valeurs positives aux plus jeunes comme le d\u00e9passement de soi et la combativit\u00e9 par exemple. En 1980, Juan-Antonio Samaranch devient pr\u00e9sident du CIO et souhaite professionnaliser le Mouvement Olympique qui est \u00e0 ce moment-l\u00e0 au bord de la faillite.\u00a0 En 1985, le programme TOP (The Olympic Partners) est cr\u00e9\u00e9 afin d\u2019allier les Jeux Olympiques \u00e0 des multinationales qui pourront aider au d\u00e9veloppement de ces \u00e9v\u00e9nements sportifs. Le CIO\u00a0 est\u00a0 l\u2019instruction\u00a0 souveraine\u00a0 du\u00a0 Mouvement\u00a0 Olympique\u00a0 et\u00a0 son r\u00f4le principal\u00a0 est\u00a0 d\u2019organiser\u00a0 les\u00a0 Jeux\u00a0 Olympiques\u00a0 puisque\u00a0 ce\u00a0 sont\u00a0 ces\u00a0 \u00e9v\u00e9nements\u00a0 qui permettent\u00a0 au\u00a0 Mouvement\u00a0 Olympique\u00a0 de\u00a0 s\u2019autofinancer.\u00a0 Le CIO a r\u00e9colt\u00e9 plus de 5 milliards de dollars au cours de l\u2019Olympiade 2009-20122. 90% des recettes du CIO sont revers\u00e9es aux comit\u00e9s nationaux olympiques, aux f\u00e9d\u00e9rations internationales et aux comit\u00e9s d\u2019organisation des jeux olympiques. Le r\u00f4le principal du CIO peut \u00eatre r\u00e9sum\u00e9 par une phrase de la Charte Olympique : \u00ab la mission du CIO est de promouvoir l\u2019Olympisme \u00e0 travers le monde et de diriger le Mouvement Olympique \u00bb.<\/p>\n","protected":false},"excerpt":{"rendered":"<p>Avant d\u2019exister comme le sport que l\u2019on connait aujourd\u2019hui, le badminton a eu plusieurs anc\u00eatres. Les principaux anc\u00eatres du badminton proviennent soit d\u2019Asie, d\u2019Am\u00e9rique du Nord, du Sud ou bien&hellip; <\/p>\n","protected":false},"author":1,"featured_media":0,"parent":0,"menu_order":0,"comment_status":"closed","ping_status":"closed","template":"","meta":[],"_links":{"self":[{"href":"https:\/\/frmbad.ma\/index.php?rest_route=\/wp\/v2\/pages\/1822"}],"collection":[{"href":"https:\/\/frmbad.ma\/index.php?rest_route=\/wp\/v2\/pages"}],"about":[{"href":"https:\/\/frmbad.ma\/index.php?rest_route=\/wp\/v2\/types\/page"}],"author":[{"embeddable":true,"href":"https:\/\/frmbad.ma\/index.php?rest_route=\/wp\/v2\/users\/1"}],"replies":[{"embeddable":true,"href":"https:\/\/frmbad.ma\/index.php?rest_route=%2Fwp%2Fv2%2Fcomments&post=1822"}],"version-history":[{"count":3,"href":"https:\/\/frmbad.ma\/index.php?rest_route=\/wp\/v2\/pages\/1822\/revisions"}],"predecessor-version":[{"id":1828,"href":"https:\/\/frmbad.ma\/index.php?rest_route=\/wp\/v2\/pages\/1822\/revisions\/1828"}],"wp:attachment":[{"href":"https:\/\/frmbad.ma\/index.php?rest_route=%2Fwp%2Fv2%2Fmedia&parent=1822"}],"curies":[{"name":"wp","href":"https:\/\/api.w.org\/{rel}","templated":true}]}}