{"id":135,"date":"2020-06-07T12:15:01","date_gmt":"2020-06-07T12:15:01","guid":{"rendered":"https:\/\/frmbad.ma\/?page_id=135"},"modified":"2020-06-09T22:07:13","modified_gmt":"2020-06-09T22:07:13","slug":"ase","status":"publish","type":"page","link":"https:\/\/frmbad.ma\/?page_id=135","title":{"rendered":"ASE"},"content":{"rendered":"<p><a href=\"https:\/\/www.facebook.com\/ASE-Badminton-1458174517800353\/\" data-wplink-edit=\"true\"><img loading=\"lazy\" class=\"wp-image-426\" src=\"https:\/\/frmbad.ma\/wp-content\/uploads\/2020\/06\/facebook-icon.png\" alt=\"\" width=\"32\" height=\"32\" \/><\/a> \u00a0<a href=\"_wp_link_placeholder\" data-wplink-edit=\"true\"><img loading=\"lazy\" class=\"wp-image-426\" src=\"http:\/\/icons.iconarchive.com\/icons\/limav\/flat-gradient-social\/32\/Instagram-icon.png\" alt=\"\" width=\"32\" height=\"32\" \/><\/a>\u00a0<img loading=\"lazy\" class=\"wp-image-426\" src=\"http:\/\/icons.iconarchive.com\/icons\/limav\/flat-gradient-social\/32\/Twitter-icon.png\" alt=\"\" width=\"32\" height=\"32\" \/><\/p>\n<p>\u00a0<\/p>\n\n\n<figure class=\"wp-block-image size-large\"><img loading=\"lazy\" width=\"1000\" height=\"112\" src=\"https:\/\/frmbad.ma\/wp-content\/uploads\/2020\/06\/ase.png\" alt=\"\" class=\"wp-image-443\" srcset=\"https:\/\/frmbad.ma\/wp-content\/uploads\/2020\/06\/ase.png 1000w, https:\/\/frmbad.ma\/wp-content\/uploads\/2020\/06\/ase-300x34.png 300w, https:\/\/frmbad.ma\/wp-content\/uploads\/2020\/06\/ase-768x86.png 768w\" sizes=\"(max-width: 1000px) 100vw, 1000px\" \/><\/figure>\n\n\n\n<h2><\/h2>\n\n\n\n<p><strong>Identit\u00e9<\/strong><strong> :<\/strong> \u00ab ASE&nbsp; BADMINTON \u00bb : une section cr\u00e9\u00e9e en 2014 \u00e0 Essaouira est affili\u00e9 \u00e0 la F\u00e9d\u00e9ration Royale Marocaine de badminton depuis 2014.<\/p>\n\n\n\n<p><strong>M\u00e9tier :<\/strong> Encadrement de la pratique du sport de badminton en conformit\u00e9 avec les r\u00e8gles et l&#8217;\u00e9thique selon des dispositions juridiques et techniques en vigueur. <\/p>\n\n\n\n<figure class=\"wp-block-image size-large is-resized\"><img loading=\"lazy\" src=\"https:\/\/frmbad.ma\/wp-content\/uploads\/2020\/06\/image-1.png\" alt=\"\" class=\"wp-image-408\" width=\"360\" height=\"341\"\/><\/figure>\n\n\n\n<p><strong>Mission : <\/strong>Vulgarisation de la pratique du Badminton<\/p>\n\n\n\n<p>&nbsp;&nbsp;&nbsp;&nbsp;&nbsp;&nbsp;&nbsp;&nbsp;&nbsp;&nbsp;&nbsp;&nbsp;&nbsp;&nbsp;&nbsp;&nbsp; Participer \u00e0 la promotion du Badminton \u00e0 l\u2019\u00e9chelle nationale et internationale<strong>.<\/strong><\/p>\n\n\n\n<p><strong>Culture :&nbsp; <\/strong>&nbsp;Le club v\u00e9hicule une \u00e9thique du badminton bas\u00e9 sur le fair-play, la responsabilit\u00e9 des joueurs sur et en dehors du terrain, ainsi que le respect environnement.<\/p>\n\n\n\n<p><strong>Valeurs : <\/strong>Respect, Tol\u00e9rance, Plaisir, Fraternit\u00e9, G\u00e9n\u00e9rosit\u00e9<\/p>\n\n\n\n<p><strong>Objectifs :<\/strong><\/p>\n\n\n\n<ul><li>Encadrement de la pratique du sport de badminton&nbsp;<\/li><li>D\u00e9veloppement des comp\u00e9tences physique et morales des adh\u00e9rents<\/li><li>Participer dans les manifestations officielles et amicales au niveau local, r\u00e9gional et national ou national sous la supervision de la f\u00e9d\u00e9ration royale marocaine de Badminton<\/li><li>Organiser des excursions \u00e0 l\u2019int\u00e9rieur et \u00e0 l\u2019ext\u00e9rieur du pays<\/li><\/ul>\n\n\n\n<p><strong>Fondateurs : <\/strong>N\u00e9 de la volont\u00e9 d\u2019un groupe d\u2019enseignants d\u2019\u00e9ducation physique et sportive, de formateurs exp\u00e9riment\u00e9s et d\u2019amis aussi festifs que sportifs, le ASE-Badminton s\u2019installa dans la salle \u00ab&nbsp;almasira alkhadra&nbsp;\u00bb \u00e0 Essaouira avec pour seule ambition de se divertir dans un sport ludique et accessible \u00e0 toutes et tous, et donner naissance \u00e0 une jeunesse qui pourra repr\u00e9senter la ville de Essaouira dans les grandes manifestations au niveau national, continental et international.<\/p>\n\n\n\n<p>Depuis le d\u00e9but le nombre de licenci\u00e9s n\u2019a cess\u00e9 de grandir ainsi que le nombre de cr\u00e9neaux consacr\u00e9 au club.<\/p>\n\n\n\n<p><strong>Organigramme :<\/strong><\/p>\n\n\n\n<p>Le club se dispose d\u2019une \u00e9quipe jeune et dynamique, soucieuse du d\u00e9veloppement d\u2019une bonne image de l\u2019association et tr\u00e8s ambitieuse au niveau sport<\/p>\n\n\n\n<p><strong>Pr\u00e9sident<\/strong><\/p>\n\n\n\n<p><strong>Mustapha lamhazem<\/strong><\/p>\n\n\n\n<figure class=\"wp-block-table\"><table><tbody><tr><td><strong>VICE Pr\u00e9sident<\/strong> <strong>zakaria jadli<\/strong>&nbsp;&nbsp;&nbsp;<\/td><td>&nbsp;<\/td><td><strong>Secr\u00e9taire g\u00e9n\u00e9ral<\/strong> <strong>Abdel adim chatouaki<\/strong><\/td><td>&nbsp;<\/td><td><strong>Tr\u00e9sorier<\/strong> <strong>&nbsp;&nbsp;&nbsp;&nbsp;&nbsp;&nbsp;&nbsp;&nbsp;&nbsp; Tarik bouzroud<\/strong><\/td><\/tr><\/tbody><\/table><\/figure>\n\n\n\n<figure class=\"wp-block-table\"><table><tbody><tr><td>&nbsp; <strong>Secr\u00e9taire &nbsp;adjointe<\/strong> <strong>Youssef bounar<\/strong> &nbsp; &nbsp; <strong>Tr\u00e9sorier adjointe<\/strong> Yasmin harhori<\/td><td>&nbsp; <strong>Conseill\u00e8re<\/strong> Naima akachkoch<\/td><\/tr><\/tbody><\/table><\/figure>\n\n\n\n<figure class=\"wp-block-table\"><table><tbody><tr><td><strong>Conseiller<\/strong> <strong>Kamal abdel kabir&nbsp;<\/strong><\/td><td><strong>Conseiller<\/strong> <strong>&nbsp;<\/strong> <strong>Akram amsaguine&nbsp;&nbsp;<\/strong><\/td><\/tr><\/tbody><\/table><\/figure>\n\n\n\n<p><strong>Les cat\u00e9gories du Club :<\/strong><\/p>\n\n\n\n<p>Pour les adh\u00e9rents sont r\u00e9partis en cat\u00e9gories d\u2019\u00e2ges selon les r\u00e8gles de participation dans les comp\u00e9titions nationales et internationales :<\/p>\n\n\n\n<figure class=\"wp-block-table\"><table><tbody><tr><td>CATEGORIE<\/td><td>NOMBRE<\/td><\/tr><tr><td>SENIORS HOMME<\/td><td>8<\/td><\/tr><tr><td>SENIORS FEMME<\/td><td>5<\/td><\/tr><tr><td>JUNIOR GARCONS<\/td><td>12<\/td><\/tr><tr><td>JUNIOR FILLES<\/td><td>11<\/td><\/tr><tr><td>CADET GARCONS<\/td><td>14<\/td><\/tr><tr><td>CADETTES FILLES<\/td><td>08<\/td><\/tr><tr><td>MINIMES GARCONS<\/td><td>08<\/td><\/tr><tr><td>MINIMES FILLELS<\/td><td>3<\/td><\/tr><tr><td>BENJAMINS GARCONS<\/td><td>13<\/td><\/tr><tr><td>BENJAMINES FILLES<\/td><td>06<\/td><\/tr><tr><td>POUSSINS GARCONS<\/td><td>05<\/td><\/tr><tr><td>POUSSINS FILLES<\/td><td>03<\/td><\/tr><\/tbody><\/table><\/figure>\n\n\n\n<p><strong>Relation du club avec son environnement&nbsp;:<\/strong><\/p>\n\n\n\n<p>Le club ASE Badminton a mis en place des moyens de communications pour rester connect\u00e9 \u00e0 son environnement \u00e0 travers :<\/p>\n\n\n\n<ul><li><strong>Cr\u00e9ation d\u2019un page Facebook qui regroupent 1851 FANS <\/strong><a href=\"https:\/\/www.facebook.com\/ASE-Badminton-1458174517800353\/\">https:\/\/www.facebook.com\/ASE-Badminton-1458174517800353\/<\/a><\/li><\/ul>\n\n\n\n<p><strong>Installations sportive<\/strong><\/p>\n\n\n\n<ul><li>Salle couverte bien \u00e9quipier.<\/li><li>3 terrains de badminton. \u00d81 terrains trac\u00e9s.<\/li><li>Un espace local d\u2019arrangement du mat\u00e9riel.<\/li><\/ul>\n","protected":false},"excerpt":{"rendered":"<p>\u00a0\u00a0 \u00a0 Identit\u00e9 : \u00ab ASE&nbsp; BADMINTON \u00bb : une section cr\u00e9\u00e9e en 2014 \u00e0 Essaouira est affili\u00e9 \u00e0 la F\u00e9d\u00e9ration Royale Marocaine de badminton depuis 2014. M\u00e9tier : Encadrement&hellip; <\/p>\n","protected":false},"author":1,"featured_media":0,"parent":0,"menu_order":0,"comment_status":"closed","ping_status":"closed","template":"","meta":[],"_links":{"self":[{"href":"https:\/\/frmbad.ma\/index.php?rest_route=\/wp\/v2\/pages\/135"}],"collection":[{"href":"https:\/\/frmbad.ma\/index.php?rest_route=\/wp\/v2\/pages"}],"about":[{"href":"https:\/\/frmbad.ma\/index.php?rest_route=\/wp\/v2\/types\/page"}],"author":[{"embeddable":true,"href":"https:\/\/frmbad.ma\/index.php?rest_route=\/wp\/v2\/users\/1"}],"replies":[{"embeddable":true,"href":"https:\/\/frmbad.ma\/index.php?rest_route=%2Fwp%2Fv2%2Fcomments&post=135"}],"version-history":[{"count":25,"href":"https:\/\/frmbad.ma\/index.php?rest_route=\/wp\/v2\/pages\/135\/revisions"}],"predecessor-version":[{"id":1457,"href":"https:\/\/frmbad.ma\/index.php?rest_route=\/wp\/v2\/pages\/135\/revisions\/1457"}],"wp:attachment":[{"href":"https:\/\/frmbad.ma\/index.php?rest_route=%2Fwp%2Fv2%2Fmedia&parent=135"}],"curies":[{"name":"wp","href":"https:\/\/api.w.org\/{rel}","templated":true}]}}