{"id":131,"date":"2020-06-07T12:14:24","date_gmt":"2020-06-07T12:14:24","guid":{"rendered":"https:\/\/frmbad.ma\/?page_id=131"},"modified":"2020-06-09T19:11:25","modified_gmt":"2020-06-09T19:11:25","slug":"uso","status":"publish","type":"page","link":"https:\/\/frmbad.ma\/?page_id=131","title":{"rendered":"USO"},"content":{"rendered":"\n<p class=\"has-text-align-center\"><strong><span class=\"has-inline-color has-vivid-cyan-blue-color\">UNION SPORTIF OUJDA (USO) SECTION DE BADMINTON<\/span><\/strong><\/p>\n\n\n\n<p><strong>Identit\u00e9&nbsp;:<\/strong><\/p>\n\n\n\n<ul><li>l\u2019Union Sportif de Oujda section badminton cr\u00e9\u00e9e le 01\/02\/2018 \u00e0 Oujda et affili\u00e9 \u00e0 la F\u00e9d\u00e9ration Royale Marocaine de badminton depuis 2018.<\/li><\/ul>\n\n\n\n<p><strong>M\u00e9tier<\/strong><strong> :<\/strong><\/p>\n\n\n\n<ul><li>Encadrement de la pratique du sport de badminton en conformit\u00e9 avec les r\u00e8gles et l&#8217;\u00e9thique selon des dispositions juridiques et techniques en vigueur.<\/li><\/ul>\n\n\n\n<p><strong>Logo&nbsp;:<\/strong><\/p>\n\n\n\n<figure class=\"wp-block-image size-large is-resized\"><img loading=\"lazy\" src=\"https:\/\/frmbad.ma\/wp-content\/uploads\/2020\/06\/image-5.png\" alt=\"\" class=\"wp-image-622\" width=\"241\" height=\"241\" srcset=\"https:\/\/frmbad.ma\/wp-content\/uploads\/2020\/06\/image-5.png 400w, https:\/\/frmbad.ma\/wp-content\/uploads\/2020\/06\/image-5-300x300.png 300w, https:\/\/frmbad.ma\/wp-content\/uploads\/2020\/06\/image-5-150x150.png 150w\" sizes=\"(max-width: 241px) 100vw, 241px\" \/><\/figure>\n\n\n\n<p><strong>Mission :<\/strong><\/p>\n\n\n\n<ul><li>Vulgarisation de la pratique du Badminton<\/li><li>Participer \u00e0 la promotion du Badminton \u00e0 l\u2019\u00e9chelle nationale et internationale.<\/li><\/ul>\n\n\n\n<p><strong>Culture :&nbsp;&nbsp;<\/strong><\/p>\n\n\n\n<ul><li>Le club v\u00e9hicule une \u00e9thique du badminton bas\u00e9 sur le fair-play, la responsabilit\u00e9 des joueurs sur et en dehors du terrain, ainsi que le respect environnement.<\/li><\/ul>\n\n\n\n<p><strong>Valeurs :<\/strong><\/p>\n\n\n\n<ul><li>Respect, Tol\u00e9rance, Plaisir, Fraternit\u00e9, G\u00e9n\u00e9rosit\u00e9<\/li><\/ul>\n\n\n\n<p><strong>Objectifs :<\/strong><\/p>\n\n\n\n<ul><li>Encadrement de la pratique du sport de badminton&nbsp;<\/li><li>D\u00e9veloppement des comp\u00e9tences physique et morales des adh\u00e9rents<\/li><li>Participer dans les manifestations officielles et amicales au niveau local, r\u00e9gional et national ou national sous la supervision de la f\u00e9d\u00e9ration royale marocaine de Badminton<\/li><li>Organiser des excursions \u00e0 l\u2019int\u00e9rieur et \u00e0 l\u2019ext\u00e9rieur du pays<\/li><\/ul>\n\n\n\n<p><strong>Fondateurs :<\/strong><\/p>\n\n\n\n<p>N\u00e9 de la volont\u00e9 d\u2019un groupe d\u2019enseignants d\u2019\u00e9ducation physique et sportive, d\u2019amis aussi festifs que sportifs, l\u2019USO-Badminton s\u2019installa dans la salle \u00ab&nbsp;NAJD&nbsp;\u00bb \u00e0 Oujda pour ambition de se divertir par un sport ludique et accessible \u00e0 toutes et tous, afin de donner naissance \u00e0 une jeunesse qui pourra repr\u00e9senter la ville d\u2019Oujda dans les grandes manifestations au niveau national, continental et international.<\/p>\n\n\n\n<p><strong>Relation du club avec son environnement&nbsp;:<\/strong><\/p>\n\n\n\n<p>Le club USO Badminton a mis en place des moyens de communications pour rester connect\u00e9 \u00e0 son environnement \u00e0 travers :<\/p>\n\n\n\n<ul><li><strong>Cr\u00e9ation d\u2019un page Facebook qui regroupe &nbsp;presque 420 FANS<\/strong><\/li><\/ul>\n\n\n\n<figure class=\"wp-block-embed-facebook wp-block-embed\"><div class=\"wp-block-embed__wrapper\">\nhttps:\/\/www.facebook.com\/USOBadminton\/\n<\/div><\/figure>\n","protected":false},"excerpt":{"rendered":"<p>UNION SPORTIF OUJDA (USO) SECTION DE BADMINTON Identit\u00e9&nbsp;: l\u2019Union Sportif de Oujda section badminton cr\u00e9\u00e9e le 01\/02\/2018 \u00e0 Oujda et affili\u00e9 \u00e0 la F\u00e9d\u00e9ration Royale Marocaine de badminton depuis 2018.&hellip; <\/p>\n","protected":false},"author":1,"featured_media":0,"parent":0,"menu_order":0,"comment_status":"closed","ping_status":"closed","template":"","meta":[],"_links":{"self":[{"href":"https:\/\/frmbad.ma\/index.php?rest_route=\/wp\/v2\/pages\/131"}],"collection":[{"href":"https:\/\/frmbad.ma\/index.php?rest_route=\/wp\/v2\/pages"}],"about":[{"href":"https:\/\/frmbad.ma\/index.php?rest_route=\/wp\/v2\/types\/page"}],"author":[{"embeddable":true,"href":"https:\/\/frmbad.ma\/index.php?rest_route=\/wp\/v2\/users\/1"}],"replies":[{"embeddable":true,"href":"https:\/\/frmbad.ma\/index.php?rest_route=%2Fwp%2Fv2%2Fcomments&post=131"}],"version-history":[{"count":4,"href":"https:\/\/frmbad.ma\/index.php?rest_route=\/wp\/v2\/pages\/131\/revisions"}],"predecessor-version":[{"id":625,"href":"https:\/\/frmbad.ma\/index.php?rest_route=\/wp\/v2\/pages\/131\/revisions\/625"}],"wp:attachment":[{"href":"https:\/\/frmbad.ma\/index.php?rest_route=%2Fwp%2Fv2%2Fmedia&parent=131"}],"curies":[{"name":"wp","href":"https:\/\/api.w.org\/{rel}","templated":true}]}}